{"id":208,"date":"2021-02-27T17:07:26","date_gmt":"2021-02-27T16:07:26","guid":{"rendered":"https:\/\/ssdesign.fr\/?page_id=208"},"modified":"2023-07-21T14:18:42","modified_gmt":"2023-07-21T12:18:42","slug":"a-propos","status":"publish","type":"page","link":"https:\/\/ssdesign.fr\/index.php\/a-propos\/","title":{"rendered":"\u00c0 propos"},"content":{"rendered":"\t\t<div data-elementor-type=\"wp-page\" data-elementor-id=\"208\" class=\"elementor elementor-208\" data-elementor-settings=\"{&quot;ha_cmc_init_switcher&quot;:&quot;no&quot;}\">\n\t\t\t\t\t\t<section class=\"elementor-section elementor-top-section elementor-element elementor-element-44cd6b8 elementor-section-content-bottom elementor-section-full_width elementor-section-height-default elementor-section-height-default\" data-id=\"44cd6b8\" data-element_type=\"section\" data-settings=\"{&quot;_ha_eqh_enable&quot;:false}\">\n\t\t\t\t\t\t<div class=\"elementor-container elementor-column-gap-no\">\n\t\t\t\t\t<div class=\"elementor-column elementor-col-66 elementor-top-column elementor-element elementor-element-2c461a9\" data-id=\"2c461a9\" data-element_type=\"column\">\n\t\t\t<div class=\"elementor-widget-wrap elementor-element-populated\">\n\t\t\t\t\t\t<div class=\"elementor-element elementor-element-1aa8b31 elementor-widget-tablet__width-initial elementor-widget elementor-widget-image\" data-id=\"1aa8b31\" data-element_type=\"widget\" data-widget_type=\"image.default\">\n\t\t\t\t<div class=\"elementor-widget-container\">\n\t\t\t\t\t\t\t\t\t\t\t\t\t\t\t<img fetchpriority=\"high\" decoding=\"async\" width=\"1229\" height=\"1500\" src=\"https:\/\/ssdesign.fr\/wp-content\/uploads\/img_about_1.jpg\" class=\"attachment-full size-full wp-image-1284\" alt=\"\" srcset=\"https:\/\/ssdesign.fr\/wp-content\/uploads\/img_about_1.jpg 1229w, https:\/\/ssdesign.fr\/wp-content\/uploads\/img_about_1-246x300.jpg 246w, https:\/\/ssdesign.fr\/wp-content\/uploads\/img_about_1-839x1024.jpg 839w, https:\/\/ssdesign.fr\/wp-content\/uploads\/img_about_1-768x937.jpg 768w, https:\/\/ssdesign.fr\/wp-content\/uploads\/img_about_1-1200x1465.jpg 1200w\" sizes=\"(max-width: 1229px) 100vw, 1229px\" \/>\t\t\t\t\t\t\t\t\t\t\t\t\t\t\t<\/div>\n\t\t\t\t<\/div>\n\t\t\t\t\t<\/div>\n\t\t<\/div>\n\t\t\t\t<div class=\"elementor-column elementor-col-33 elementor-top-column elementor-element elementor-element-bae0f3a\" data-id=\"bae0f3a\" data-element_type=\"column\">\n\t\t\t<div class=\"elementor-widget-wrap elementor-element-populated\">\n\t\t\t\t\t\t<div class=\"elementor-element elementor-element-e28c687 sc-title-section sc-quote-citation elementor-widget elementor-widget-text-editor\" data-id=\"e28c687\" data-element_type=\"widget\" data-widget_type=\"text-editor.default\">\n\t\t\t\t<div class=\"elementor-widget-container\">\n\t\t\t\t\t\t\t\t\t<p>\u201c<\/p>\t\t\t\t\t\t\t\t<\/div>\n\t\t\t\t<\/div>\n\t\t\t\t<div class=\"elementor-element elementor-element-c14186c sc-title-citation elementor-widget-tablet__width-initial elementor-widget elementor-widget-text-editor\" data-id=\"c14186c\" data-element_type=\"widget\" data-widget_type=\"text-editor.default\">\n\t\t\t\t<div class=\"elementor-widget-container\">\n\t\t\t\t\t\t\t\t\t<p>La beaut\u00e9\u00a0est dans les yeux de celui\u00a0qui regarde.<\/p>\t\t\t\t\t\t\t\t<\/div>\n\t\t\t\t<\/div>\n\t\t\t\t<div class=\"elementor-element elementor-element-9604c64 sc-paragraph elementor-widget elementor-widget-text-editor\" data-id=\"9604c64\" data-element_type=\"widget\" data-widget_type=\"text-editor.default\">\n\t\t\t\t<div class=\"elementor-widget-container\">\n\t\t\t\t\t\t\t\t\t<p>\u00a0&#8211; Oscar Wilde<\/p>\t\t\t\t\t\t\t\t<\/div>\n\t\t\t\t<\/div>\n\t\t\t\t\t<\/div>\n\t\t<\/div>\n\t\t\t\t\t<\/div>\n\t\t<\/section>\n\t\t\t\t<section class=\"elementor-section elementor-top-section elementor-element elementor-element-dbf3d9a elementor-section-boxed elementor-section-height-default elementor-section-height-default\" data-id=\"dbf3d9a\" data-element_type=\"section\" data-settings=\"{&quot;_ha_eqh_enable&quot;:false}\">\n\t\t\t\t\t\t<div class=\"elementor-container elementor-column-gap-no\">\n\t\t\t\t\t<div class=\"elementor-column elementor-col-100 elementor-top-column elementor-element elementor-element-541b5c0\" data-id=\"541b5c0\" data-element_type=\"column\">\n\t\t\t<div class=\"elementor-widget-wrap elementor-element-populated\">\n\t\t\t\t\t\t<div class=\"elementor-element elementor-element-ee29701 elementor-widget elementor-widget-heading\" data-id=\"ee29701\" data-element_type=\"widget\" data-widget_type=\"heading.default\">\n\t\t\t\t<div class=\"elementor-widget-container\">\n\t\t\t\t\t<h4 class=\"elementor-heading-title elementor-size-default\">faisions connaissancE...<\/h4>\t\t\t\t<\/div>\n\t\t\t\t<\/div>\n\t\t\t\t<div class=\"elementor-element elementor-element-7ed41c6 sc-paragraph elementor-widget elementor-widget-text-editor\" data-id=\"7ed41c6\" data-element_type=\"widget\" data-widget_type=\"text-editor.default\">\n\t\t\t\t<div class=\"elementor-widget-container\">\n\t\t\t\t\t\t\t\t\t<p><span style=\"font-size: inherit; text-align: inherit; color: var( --e-global-color-text );\">Je m\u2019appelle Sophie Cordier, j&rsquo;ai 37 ans et\u00a0<\/span><span style=\"font-size: inherit; text-align: inherit; color: var( --e-global-color-text );\">je suis graphiste freelance \u00e0 Montpellier<\/span><span style=\"font-size: inherit; text-align: inherit; color: var( --e-global-color-text );\">.<\/span><\/p><p>Dipl\u00f4m\u00e9e des\u00a0<span style=\"color: var( --e-global-color-text );\">Beaux Arts\u00a0<\/span><span style=\"font-size: inherit; text-align: inherit; color: var( --e-global-color-text );\">en 2006, d&rsquo;un DNAT (dipl\u00f4me national d&rsquo;Arts Techniques) option Design graphique &amp; multim\u00e9dia, \u00e0 l&rsquo;ESAC de Pau (\u00c9cole Sup\u00e9rieure des Arts et de la Communication), puis\u00a0<\/span><span style=\"color: var( --e-global-color-text );\">en 2008,\u00a0<\/span><span style=\"color: var( --e-global-color-text ); font-size: inherit; text-align: inherit;\">des Arts Appliqu\u00e9s de Rennes au titre de \u00ab\u00a0Concepteur, cr\u00e9ateur graphique\u00a0\u00bb \u00e0 LISAA (L&rsquo;Institut Sup\u00e9rieur des Arts Appliqu\u00e9s) ; j&rsquo;ai toujours \u00e9t\u00e9 passionn\u00e9e par l&rsquo;Art sous toutes ses formes : la photographie, l&rsquo;\u00e9dition, la danse&#8230; Cr\u00e9ative jusqu&rsquo;au bout des doigts, j&rsquo;aime exprimer \u00e0 travers l&rsquo;Art ce qui me nourrit :<\/span><span style=\"color: var( --e-global-color-text ); font-size: inherit; text-align: inherit;\">\u00a0les belles choses, le minimalisme et la simplicit\u00e9.\u00a0<\/span><\/p><p><span style=\"color: var( --e-global-color-text ); font-size: inherit; text-align: inherit;\">\u00a0<\/span><\/p><p><span style=\"color: var( --e-global-color-text ); font-size: inherit; text-align: inherit;\">Intuitive, dynamique et passionn\u00e9e, mon imagination, ma curiosit\u00e9 d&rsquo;esprit et mon sens de l&rsquo;esth\u00e9tique, se conjuguent \u00e0 plus de 13 ans d&rsquo;exp\u00e9rience et font de moi l&rsquo;initiatrice de la r\u00e9ussite de vos projets.\u00a0<\/span><\/p><p><span style=\"font-size: inherit; text-align: inherit; color: var( --e-global-color-text );\">J&rsquo;ai enrichi mon savoir-faire au sein de plus de 10 entreprises totalement oppos\u00e9es. Chacune m&rsquo;a permis \u00e0 sa mani\u00e8re de d\u00e9velopper les aspects diff\u00e9rents que constituent le design graphique.\u00a0<\/span><\/p><p><span style=\"font-size: inherit; text-align: inherit; color: var( --e-global-color-text );\">\u00a0<\/span><\/p><p><span style=\"font-size: inherit; text-align: inherit; color: var( --e-global-color-text );\">Berc\u00e9e par l&rsquo;\u00c9dition, particuli\u00e8rement jeunesse, l&rsquo;illustration, et l&rsquo;\u00e9crit&#8230;\u00a0 j&rsquo;ai travaill\u00e9 au sein de diverses maisons d&rsquo;\u00e9dition qui m&rsquo;ont \u00e9veill\u00e9 \u00e0 l&rsquo;Art de la maquette. J&rsquo;aime les belles mises en pages \u00e9pur\u00e9es qui donne sens \u00e0 leur contenu.\u00a0<\/span><span style=\"font-size: inherit; text-align: inherit; color: var( --e-global-color-text );\">Le Design graphique ne s&rsquo;apprend pas, il se vit&#8230; Au travers de diff\u00e9rentes agences graphiques, associations ou encore imprimeries, j&rsquo;ai appris \u00e0 ma\u00eetriser l&rsquo;essence m\u00eame de la communication et l&rsquo;image de marque.<\/span><\/p><p>Enfin, c&rsquo;est au travers de mes 10 ans au sein de la soci\u00e9t\u00e9 LILIPINSO, \u00e0 Montpellier, sp\u00e9cialis\u00e9e dans la d\u00e9coration pour les chambres de b\u00e9b\u00e9 et d&rsquo;enfants, que j&rsquo;ai concr\u00e9tis\u00e9 mes valeurs, ma force et surtout mon exp\u00e9rience.\u00a0<span style=\"font-size: inherit; text-align: inherit; color: var( --e-global-color-text );\">Le lifestyle et la d\u00e9coration n&rsquo;ont\u00a0<\/span><span style=\"font-size: inherit; text-align: inherit; color: var( --e-global-color-text );\">aujourd&rsquo;hui<\/span><span style=\"font-size: inherit; text-align: inherit; color: var( --e-global-color-text );\">\u00a0plus de secret pour moi et sont devenus,\u00a0<\/span><span style=\"color: var( --e-global-color-text );\">plus que jamais,\u00a0<\/span><span style=\"color: var( --e-global-color-text ); font-size: inherit; text-align: inherit;\">une passion autant que le graphisme.\u00a0<\/span><\/p><p>\u00a0<\/p><p>Aujourd&rsquo;hui entour\u00e9e d\u2019un r\u00e9seau de prestataires exp\u00e9riment\u00e9s et r\u00e9actifs, si vous cherchez de belles r\u00e9ponses personnalis\u00e9es et adapt\u00e9es \u00e0 vos besoins, vous \u00eates au bon endroit.<\/p>\t\t\t\t\t\t\t\t<\/div>\n\t\t\t\t<\/div>\n\t\t\t\t<div class=\"elementor-element elementor-element-977a6f8 elementor-widget elementor-widget-text-editor\" data-id=\"977a6f8\" data-element_type=\"widget\" data-widget_type=\"text-editor.default\">\n\t\t\t\t<div class=\"elementor-widget-container\">\n\t\t\t\t\t\t\t\t\t<p>\u00ab\u00a0C&rsquo;est dans l&rsquo;impossible que tout devient possible\u00a0\u00bb<\/p>\t\t\t\t\t\t\t\t<\/div>\n\t\t\t\t<\/div>\n\t\t\t\t\t<\/div>\n\t\t<\/div>\n\t\t\t\t\t<\/div>\n\t\t<\/section>\n\t\t\t\t<section class=\"elementor-section elementor-top-section elementor-element elementor-element-f362f25 elementor-section-height-min-height elementor-section-full_width elementor-hidden-tablet elementor-hidden-phone elementor-section-content-middle elementor-section-height-default elementor-section-items-middle\" data-id=\"f362f25\" data-element_type=\"section\" data-settings=\"{&quot;background_background&quot;:&quot;classic&quot;,&quot;animation&quot;:&quot;none&quot;,&quot;_ha_eqh_enable&quot;:false}\">\n\t\t\t\t\t\t<div class=\"elementor-container elementor-column-gap-no\">\n\t\t\t\t\t<div class=\"elementor-column elementor-col-100 elementor-top-column elementor-element elementor-element-8087922\" data-id=\"8087922\" data-element_type=\"column\">\n\t\t\t<div class=\"elementor-widget-wrap\">\n\t\t\t\t\t\t\t<\/div>\n\t\t<\/div>\n\t\t\t\t\t<\/div>\n\t\t<\/section>\n\t\t\t\t<section class=\"elementor-section elementor-top-section elementor-element elementor-element-fa4162b elementor-section-height-min-height elementor-section-full_width elementor-hidden-desktop elementor-section-height-default elementor-section-items-middle\" data-id=\"fa4162b\" data-element_type=\"section\" data-settings=\"{&quot;background_background&quot;:&quot;classic&quot;,&quot;animation&quot;:&quot;none&quot;,&quot;_ha_eqh_enable&quot;:false}\">\n\t\t\t\t\t\t<div class=\"elementor-container elementor-column-gap-no\">\n\t\t\t\t\t<div class=\"elementor-column elementor-col-100 elementor-top-column elementor-element elementor-element-21a24f9\" data-id=\"21a24f9\" data-element_type=\"column\">\n\t\t\t<div class=\"elementor-widget-wrap\">\n\t\t\t\t\t\t\t<\/div>\n\t\t<\/div>\n\t\t\t\t\t<\/div>\n\t\t<\/section>\n\t\t\t\t<section class=\"elementor-section elementor-top-section elementor-element elementor-element-92cbd08 elementor-section-boxed elementor-section-height-default elementor-section-height-default\" data-id=\"92cbd08\" data-element_type=\"section\" data-settings=\"{&quot;_ha_eqh_enable&quot;:false}\">\n\t\t\t\t\t\t<div class=\"elementor-container elementor-column-gap-no\">\n\t\t\t\t\t<div class=\"elementor-column elementor-col-100 elementor-top-column elementor-element elementor-element-3997e0d\" data-id=\"3997e0d\" data-element_type=\"column\">\n\t\t\t<div class=\"elementor-widget-wrap elementor-element-populated\">\n\t\t\t\t\t\t<div class=\"elementor-element elementor-element-a1f341a elementor-widget elementor-widget-heading\" data-id=\"a1f341a\" data-element_type=\"widget\" data-widget_type=\"heading.default\">\n\t\t\t\t<div class=\"elementor-widget-container\">\n\t\t\t\t\t<h4 class=\"elementor-heading-title elementor-size-default\">valeurs<\/h4>\t\t\t\t<\/div>\n\t\t\t\t<\/div>\n\t\t\t\t<div class=\"elementor-element elementor-element-5cb18fe sc-title-section elementor-widget elementor-widget-text-editor\" data-id=\"5cb18fe\" data-element_type=\"widget\" data-widget_type=\"text-editor.default\">\n\t\t\t\t<div class=\"elementor-widget-container\">\n\t\t\t\t\t\t\t\t\t<p>Parce que c&rsquo;est aussi important<\/p>\t\t\t\t\t\t\t\t<\/div>\n\t\t\t\t<\/div>\n\t\t\t\t<div class=\"elementor-element elementor-element-fe827d6 elementor-widget elementor-widget-text-editor\" data-id=\"fe827d6\" data-element_type=\"widget\" data-widget_type=\"text-editor.default\">\n\t\t\t\t<div class=\"elementor-widget-container\">\n\t\t\t\t\t\t\t\t\t<p>Cr\u00e9ativit\u00e9, Passion, Perfectionnisme, Bienveillance, \u00c9coute<\/p>\t\t\t\t\t\t\t\t<\/div>\n\t\t\t\t<\/div>\n\t\t\t\t\t<\/div>\n\t\t<\/div>\n\t\t\t\t\t<\/div>\n\t\t<\/section>\n\t\t\t\t<section class=\"elementor-section elementor-top-section elementor-element elementor-element-9d6d92f elementor-section-boxed elementor-section-height-default elementor-section-height-default\" data-id=\"9d6d92f\" data-element_type=\"section\" data-settings=\"{&quot;_ha_eqh_enable&quot;:false}\">\n\t\t\t\t\t\t<div class=\"elementor-container elementor-column-gap-no\">\n\t\t\t\t\t<div class=\"elementor-column elementor-col-100 elementor-top-column elementor-element elementor-element-d0ab78b\" data-id=\"d0ab78b\" data-element_type=\"column\">\n\t\t\t<div class=\"elementor-widget-wrap elementor-element-populated\">\n\t\t\t\t\t\t<div class=\"elementor-element elementor-element-119f2cb elementor-widget elementor-widget-image\" data-id=\"119f2cb\" data-element_type=\"widget\" data-widget_type=\"image.default\">\n\t\t\t\t<div class=\"elementor-widget-container\">\n\t\t\t\t\t\t\t\t\t\t\t\t\t\t\t<img decoding=\"async\" width=\"2000\" height=\"1362\" src=\"https:\/\/ssdesign.fr\/wp-content\/uploads\/img_about_4.jpg\" class=\"attachment-full size-full wp-image-1439\" alt=\"\" srcset=\"https:\/\/ssdesign.fr\/wp-content\/uploads\/img_about_4.jpg 2000w, https:\/\/ssdesign.fr\/wp-content\/uploads\/img_about_4-300x204.jpg 300w, https:\/\/ssdesign.fr\/wp-content\/uploads\/img_about_4-1024x697.jpg 1024w, https:\/\/ssdesign.fr\/wp-content\/uploads\/img_about_4-768x523.jpg 768w, https:\/\/ssdesign.fr\/wp-content\/uploads\/img_about_4-1536x1046.jpg 1536w, https:\/\/ssdesign.fr\/wp-content\/uploads\/img_about_4-500x341.jpg 500w, https:\/\/ssdesign.fr\/wp-content\/uploads\/img_about_4-800x545.jpg 800w, https:\/\/ssdesign.fr\/wp-content\/uploads\/img_about_4-1280x872.jpg 1280w, https:\/\/ssdesign.fr\/wp-content\/uploads\/img_about_4-1920x1308.jpg 1920w, https:\/\/ssdesign.fr\/wp-content\/uploads\/img_about_4-1200x817.jpg 1200w, https:\/\/ssdesign.fr\/wp-content\/uploads\/img_about_4-1980x1348.jpg 1980w\" sizes=\"(max-width: 2000px) 100vw, 2000px\" \/>\t\t\t\t\t\t\t\t\t\t\t\t\t\t\t<\/div>\n\t\t\t\t<\/div>\n\t\t\t\t\t<\/div>\n\t\t<\/div>\n\t\t\t\t\t<\/div>\n\t\t<\/section>\n\t\t\t\t<section class=\"elementor-section elementor-top-section elementor-element elementor-element-25a9c91 elementor-section-boxed elementor-section-height-default elementor-section-height-default\" data-id=\"25a9c91\" data-element_type=\"section\" data-settings=\"{&quot;_ha_eqh_enable&quot;:false}\">\n\t\t\t\t\t\t<div class=\"elementor-container elementor-column-gap-no\">\n\t\t\t\t\t<div class=\"elementor-column elementor-col-100 elementor-top-column elementor-element elementor-element-a7674c1\" data-id=\"a7674c1\" data-element_type=\"column\">\n\t\t\t<div class=\"elementor-widget-wrap elementor-element-populated\">\n\t\t\t\t\t\t<div class=\"elementor-element elementor-element-907ad8d elementor-widget elementor-widget-heading\" data-id=\"907ad8d\" data-element_type=\"widget\" data-widget_type=\"heading.default\">\n\t\t\t\t<div class=\"elementor-widget-container\">\n\t\t\t\t\t<h4 class=\"elementor-heading-title elementor-size-default\">comp\u00e9tences<\/h4>\t\t\t\t<\/div>\n\t\t\t\t<\/div>\n\t\t\t\t<div class=\"elementor-element elementor-element-c205e49 sc-title-section elementor-widget elementor-widget-text-editor\" data-id=\"c205e49\" data-element_type=\"widget\" data-widget_type=\"text-editor.default\">\n\t\t\t\t<div class=\"elementor-widget-container\">\n\t\t\t\t\t\t\t\t\t<p>Ma\u00eetriser son sujet<\/p>\t\t\t\t\t\t\t\t<\/div>\n\t\t\t\t<\/div>\n\t\t\t\t\t<\/div>\n\t\t<\/div>\n\t\t\t\t\t<\/div>\n\t\t<\/section>\n\t\t\t\t<section class=\"elementor-section elementor-top-section elementor-element elementor-element-0d3d3ed elementor-section-boxed elementor-section-height-default elementor-section-height-default\" data-id=\"0d3d3ed\" data-element_type=\"section\" data-settings=\"{&quot;_ha_eqh_enable&quot;:false}\">\n\t\t\t\t\t\t<div class=\"elementor-container elementor-column-gap-no\">\n\t\t\t\t\t<div class=\"elementor-column elementor-col-33 elementor-top-column elementor-element elementor-element-d87062d\" data-id=\"d87062d\" data-element_type=\"column\">\n\t\t\t<div class=\"elementor-widget-wrap elementor-element-populated\">\n\t\t\t\t\t\t<div class=\"elementor-element elementor-element-9b167cd elementor-view-default elementor-position-top elementor-mobile-position-top elementor-widget elementor-widget-icon-box\" data-id=\"9b167cd\" data-element_type=\"widget\" data-widget_type=\"icon-box.default\">\n\t\t\t\t<div class=\"elementor-widget-container\">\n\t\t\t\t\t\t\t<div class=\"elementor-icon-box-wrapper\">\n\n\t\t\t\t\t\t<div class=\"elementor-icon-box-icon\">\n\t\t\t\t<span  class=\"elementor-icon\">\n\t\t\t\t<i class=\"fa fa-star\" aria-hidden=\"true\"><\/i>\t\t\t\t<\/span>\n\t\t\t<\/div>\n\t\t\t\n\t\t\t\t\t\t<div class=\"elementor-icon-box-content\">\n\n\t\t\t\t\t\t\t\t\t<p class=\"elementor-icon-box-title\">\n\t\t\t\t\t\t<span  >\n\t\t\t\t\t\t\tPrint\t\t\t\t\t\t<\/span>\n\t\t\t\t\t<\/p>\n\t\t\t\t\n\t\t\t\t\n\t\t\t<\/div>\n\t\t\t\n\t\t<\/div>\n\t\t\t\t\t\t<\/div>\n\t\t\t\t<\/div>\n\t\t\t\t<div class=\"elementor-element elementor-element-09984a0 sc-paragraph sc-list-competence elementor-widget__width-auto elementor-widget elementor-widget-text-editor\" data-id=\"09984a0\" data-element_type=\"widget\" data-widget_type=\"text-editor.default\">\n\t\t\t\t<div class=\"elementor-widget-container\">\n\t\t\t\t\t\t\t\t\t<p>\u2022 \u00c9ditions, maquette<\/p><p>\u2022 Photographie<\/p><p>\u2022 Publicit\u00e9<\/p><p>\u2022 Fabrication<\/p><p>\u2022 Iconographie<\/p><p>\u2022 Identit\u00e9 visuelle<\/p><p>\u2022 Colorim\u00e9trie<\/p><p>\u2022 Typographie<\/p>\t\t\t\t\t\t\t\t<\/div>\n\t\t\t\t<\/div>\n\t\t\t\t\t<\/div>\n\t\t<\/div>\n\t\t\t\t<div class=\"elementor-column elementor-col-33 elementor-top-column elementor-element elementor-element-7a4a5f8\" data-id=\"7a4a5f8\" data-element_type=\"column\">\n\t\t\t<div class=\"elementor-widget-wrap elementor-element-populated\">\n\t\t\t\t\t\t<div class=\"elementor-element elementor-element-b2515f0 elementor-view-default elementor-position-top elementor-mobile-position-top elementor-widget elementor-widget-icon-box\" data-id=\"b2515f0\" data-element_type=\"widget\" data-widget_type=\"icon-box.default\">\n\t\t\t\t<div class=\"elementor-widget-container\">\n\t\t\t\t\t\t\t<div class=\"elementor-icon-box-wrapper\">\n\n\t\t\t\t\t\t<div class=\"elementor-icon-box-icon\">\n\t\t\t\t<span  class=\"elementor-icon\">\n\t\t\t\t<i class=\"fa fa-star\" aria-hidden=\"true\"><\/i>\t\t\t\t<\/span>\n\t\t\t<\/div>\n\t\t\t\n\t\t\t\t\t\t<div class=\"elementor-icon-box-content\">\n\n\t\t\t\t\t\t\t\t\t<p class=\"elementor-icon-box-title\">\n\t\t\t\t\t\t<span  >\n\t\t\t\t\t\t\tWeb\t\t\t\t\t\t<\/span>\n\t\t\t\t\t<\/p>\n\t\t\t\t\n\t\t\t\t\n\t\t\t<\/div>\n\t\t\t\n\t\t<\/div>\n\t\t\t\t\t\t<\/div>\n\t\t\t\t<\/div>\n\t\t\t\t<div class=\"elementor-element elementor-element-b8a4a98 sc-paragraph sc-list-competence elementor-widget__width-auto elementor-widget elementor-widget-text-editor\" data-id=\"b8a4a98\" data-element_type=\"widget\" data-widget_type=\"text-editor.default\">\n\t\t\t\t<div class=\"elementor-widget-container\">\n\t\t\t\t\t\t\t\t\t<p>\u2022 web design<\/p><p>\u2022 m\u00e9dias sociaux<\/p><p>\u2022 ui, ux<\/p><p>\u2022 wordpress<\/p><p>\u2022 notions css<\/p>\t\t\t\t\t\t\t\t<\/div>\n\t\t\t\t<\/div>\n\t\t\t\t\t<\/div>\n\t\t<\/div>\n\t\t\t\t<div class=\"elementor-column elementor-col-33 elementor-top-column elementor-element elementor-element-382b079\" data-id=\"382b079\" data-element_type=\"column\">\n\t\t\t<div class=\"elementor-widget-wrap elementor-element-populated\">\n\t\t\t\t\t\t<div class=\"elementor-element elementor-element-166f629 elementor-view-default elementor-position-top elementor-mobile-position-top elementor-widget elementor-widget-icon-box\" data-id=\"166f629\" data-element_type=\"widget\" data-widget_type=\"icon-box.default\">\n\t\t\t\t<div class=\"elementor-widget-container\">\n\t\t\t\t\t\t\t<div class=\"elementor-icon-box-wrapper\">\n\n\t\t\t\t\t\t<div class=\"elementor-icon-box-icon\">\n\t\t\t\t<span  class=\"elementor-icon\">\n\t\t\t\t<i class=\"fa fa-star\" aria-hidden=\"true\"><\/i>\t\t\t\t<\/span>\n\t\t\t<\/div>\n\t\t\t\n\t\t\t\t\t\t<div class=\"elementor-icon-box-content\">\n\n\t\t\t\t\t\t\t\t\t<p class=\"elementor-icon-box-title\">\n\t\t\t\t\t\t<span  >\n\t\t\t\t\t\t\tTechnique\t\t\t\t\t\t<\/span>\n\t\t\t\t\t<\/p>\n\t\t\t\t\n\t\t\t\t\n\t\t\t<\/div>\n\t\t\t\n\t\t<\/div>\n\t\t\t\t\t\t<\/div>\n\t\t\t\t<\/div>\n\t\t\t\t<div class=\"elementor-element elementor-element-5ff6a28 sc-paragraph sc-list-competence elementor-widget__width-auto elementor-widget elementor-widget-text-editor\" data-id=\"5ff6a28\" data-element_type=\"widget\" data-widget_type=\"text-editor.default\">\n\t\t\t\t<div class=\"elementor-widget-container\">\n\t\t\t\t\t\t\t\t\t<p>\u2022 photoshop<\/p><p>\u2022 illustrator<\/p><p>\u2022 indesign<\/p><p>\u2022 lightroom<\/p><p>\u2022 acrobat pro<\/p><p>\u2022 mailchimp<\/p><p>\u2022 magento<\/p><p>\u2022 office<\/p>\t\t\t\t\t\t\t\t<\/div>\n\t\t\t\t<\/div>\n\t\t\t\t\t<\/div>\n\t\t<\/div>\n\t\t\t\t\t<\/div>\n\t\t<\/section>\n\t\t\t\t<\/div>\n\t\t","protected":false},"excerpt":{"rendered":"<p>\u201c La beaut\u00e9\u00a0est dans les yeux de celui\u00a0qui regarde. \u00a0&#8211; Oscar Wilde faisions connaissancE&#8230; Je m\u2019appelle Sophie Cordier, j&rsquo;ai 37 ans et\u00a0je suis graphiste freelance \u00e0 Montpellier. Dipl\u00f4m\u00e9e des\u00a0Beaux Arts\u00a0en 2006, d&rsquo;un DNAT (dipl\u00f4me national d&rsquo;Arts Techniques) option Design graphique &amp; multim\u00e9dia, \u00e0 l&rsquo;ESAC de Pau (\u00c9cole Sup\u00e9rieure des Arts et de la Communication), puis\u00a0en [&hellip;]<\/p>\n","protected":false},"author":1,"featured_media":0,"parent":0,"menu_order":0,"comment_status":"closed","ping_status":"closed","template":"elementor_header_footer","meta":{"footnotes":""},"class_list":["post-208","page","type-page","status-publish","hentry"],"_links":{"self":[{"href":"https:\/\/ssdesign.fr\/index.php\/wp-json\/wp\/v2\/pages\/208","targetHints":{"allow":["GET"]}}],"collection":[{"href":"https:\/\/ssdesign.fr\/index.php\/wp-json\/wp\/v2\/pages"}],"about":[{"href":"https:\/\/ssdesign.fr\/index.php\/wp-json\/wp\/v2\/types\/page"}],"author":[{"embeddable":true,"href":"https:\/\/ssdesign.fr\/index.php\/wp-json\/wp\/v2\/users\/1"}],"replies":[{"embeddable":true,"href":"https:\/\/ssdesign.fr\/index.php\/wp-json\/wp\/v2\/comments?post=208"}],"version-history":[{"count":382,"href":"https:\/\/ssdesign.fr\/index.php\/wp-json\/wp\/v2\/pages\/208\/revisions"}],"predecessor-version":[{"id":4256,"href":"https:\/\/ssdesign.fr\/index.php\/wp-json\/wp\/v2\/pages\/208\/revisions\/4256"}],"wp:attachment":[{"href":"https:\/\/ssdesign.fr\/index.php\/wp-json\/wp\/v2\/media?parent=208"}],"curies":[{"name":"wp","href":"https:\/\/api.w.org\/{rel}","templated":true}]}}